

{"id":323,"date":"2012-07-26T13:29:29","date_gmt":"2012-07-26T13:29:29","guid":{"rendered":"http:\/\/www.sthelierbadwurzachpartnerschaft.com\/?page_id=323"},"modified":"2016-03-22T11:08:26","modified_gmt":"2016-03-22T11:08:26","slug":"m-p","status":"publish","type":"page","link":"https:\/\/www.sthelierbadwurzachpartnerschaft.com\/index.php\/internees\/internee-lists\/m-p\/","title":{"rendered":"List Of Internees M &#8211; P"},"content":{"rendered":"<h1 style=\"text-align: center;\"><span style=\"color: #800000;\">INTERNEE LIST M &#8211; P<\/span><\/h1>\n<table border=\"0\" cellspacing=\"0\" cellpadding=\"0\">\n<colgroup>\n<col width=\"50%\" \/>\n<col width=\"50%\" \/><\/colgroup>\n<tbody>\n<tr>\n<td width=\"50%\" height=\"18\">Macdonald<\/td>\n<td width=\"50%\">Margaret Mary<\/td>\n<\/tr>\n<tr>\n<td height=\"18\">Macdonald<\/td>\n<td>Norman<\/td>\n<\/tr>\n<tr>\n<td height=\"18\">Macdonald<\/td>\n<td>Norman McQueen<\/td>\n<\/tr>\n<tr>\n<td height=\"18\">Macpherson<\/td>\n<td>Hilda<\/td>\n<\/tr>\n<tr>\n<td height=\"18\">Macpherson<\/td>\n<td>William<\/td>\n<\/tr>\n<tr>\n<td height=\"18\">Magnus<\/td>\n<td>Dudley Heywood<\/td>\n<\/tr>\n<tr>\n<td height=\"18\">Magnus<\/td>\n<td>Jessie<\/td>\n<\/tr>\n<tr>\n<td height=\"18\">Maine<\/td>\n<td>Charles Thomas<\/td>\n<\/tr>\n<tr>\n<td height=\"18\">Maine<\/td>\n<td>June<\/td>\n<\/tr>\n<tr>\n<td height=\"18\">Maine<\/td>\n<td>Peggy Sybille<\/td>\n<\/tr>\n<tr>\n<td height=\"18\">Maine<\/td>\n<td>Sybil Holly<\/td>\n<\/tr>\n<tr>\n<td height=\"18\">Maine<\/td>\n<td>Thomas Charles<\/td>\n<\/tr>\n<tr>\n<td height=\"18\">Marett<\/td>\n<td>Arthur Samuel<\/td>\n<\/tr>\n<tr>\n<td height=\"18\">Marett<\/td>\n<td>Elizabeth<\/td>\n<\/tr>\n<tr>\n<td height=\"18\">Marett<\/td>\n<td>Isabel<\/td>\n<\/tr>\n<tr>\n<td height=\"18\">Marett<\/td>\n<td>Peggy Margaret<\/td>\n<\/tr>\n<tr>\n<td height=\"18\">Marshall<\/td>\n<td>Clarice<\/td>\n<\/tr>\n<tr>\n<td height=\"18\">Marshall<\/td>\n<td>John<\/td>\n<\/tr>\n<tr>\n<td height=\"18\">Matthews<\/td>\n<td>Basil William<\/td>\n<\/tr>\n<tr>\n<td height=\"18\">Matthews<\/td>\n<td>Bernard Roy<\/td>\n<\/tr>\n<tr>\n<td height=\"18\">Matthews<\/td>\n<td>Evelyne Bertha<\/td>\n<\/tr>\n<tr>\n<td height=\"18\">Matthews<\/td>\n<td>Henry<\/td>\n<\/tr>\n<tr>\n<td height=\"18\">Matthews<\/td>\n<td>John<\/td>\n<\/tr>\n<tr>\n<td height=\"18\">Matthews<\/td>\n<td>Maurice<\/td>\n<\/tr>\n<tr>\n<td height=\"18\">Mayne<\/td>\n<td>Ada Dorothy<\/td>\n<\/tr>\n<tr>\n<td height=\"18\">Mayne<\/td>\n<td>Bernice Joan<\/td>\n<\/tr>\n<tr>\n<td height=\"18\">Mayne<\/td>\n<td>Myra Dorothy<\/td>\n<\/tr>\n<tr>\n<td height=\"18\">Mayne<\/td>\n<td>Robert Harold<\/td>\n<\/tr>\n<tr>\n<td height=\"18\">Mayne<\/td>\n<td>Robert James<\/td>\n<\/tr>\n<tr>\n<td height=\"18\">Mayne<\/td>\n<td>Ronald James<\/td>\n<\/tr>\n<tr>\n<td height=\"18\">McAllister<\/td>\n<td>David<\/td>\n<\/tr>\n<tr>\n<td height=\"18\">McAllister<\/td>\n<td>Frederick<\/td>\n<\/tr>\n<tr>\n<td height=\"18\">McAllister<\/td>\n<td>James<\/td>\n<\/tr>\n<tr>\n<td height=\"18\">McAllister<\/td>\n<td>Marie<\/td>\n<\/tr>\n<tr>\n<td height=\"18\">McAllister<\/td>\n<td>Patricia<\/td>\n<\/tr>\n<tr>\n<td height=\"18\">McQueen<\/td>\n<td>Ada Augustine<\/td>\n<\/tr>\n<tr>\n<td height=\"18\">McQueen<\/td>\n<td>Colleen Mary<\/td>\n<\/tr>\n<tr>\n<td height=\"18\">McQueen<\/td>\n<td>George Robert<\/td>\n<\/tr>\n<tr>\n<td height=\"18\">McQueen<\/td>\n<td>Maureen May<\/td>\n<\/tr>\n<tr>\n<td height=\"18\">Mills<\/td>\n<td>Joseph<\/td>\n<\/tr>\n<tr>\n<td height=\"18\">Mills<\/td>\n<td>Maud<\/td>\n<\/tr>\n<tr>\n<td height=\"18\">Mills<\/td>\n<td>Patricia<\/td>\n<\/tr>\n<tr>\n<td height=\"18\">Miranda<\/td>\n<td>Alfred<\/td>\n<\/tr>\n<tr>\n<td height=\"18\">Motto<\/td>\n<td>Hilda Maud Mary<\/td>\n<\/tr>\n<tr>\n<td height=\"18\">Motto<\/td>\n<td>Joseph<\/td>\n<\/tr>\n<tr>\n<td height=\"18\">Motto<\/td>\n<td>Raymond Walter<\/td>\n<\/tr>\n<tr>\n<td height=\"18\">Motto<\/td>\n<td>Vernon Charles<\/td>\n<\/tr>\n<tr>\n<td height=\"18\">Newton<\/td>\n<td>Roselle Maud<\/td>\n<\/tr>\n<tr>\n<td height=\"18\">Newton<\/td>\n<td>Roy Stanley<\/td>\n<\/tr>\n<tr>\n<td height=\"18\">Newton<\/td>\n<td>Stanley Charles<\/td>\n<\/tr>\n<tr>\n<td height=\"18\">O\u00d4\u00c7\u00d6Connor<\/td>\n<td>Michael John<\/td>\n<\/tr>\n<tr>\n<td height=\"18\">O&#8217;Connor<\/td>\n<td>John Frederick Edward<\/td>\n<\/tr>\n<tr>\n<td height=\"18\">O&#8217;Connor<\/td>\n<td>Joy Helen<\/td>\n<\/tr>\n<tr>\n<td height=\"18\">Oliver<\/td>\n<td>Harold Gordon<\/td>\n<\/tr>\n<tr>\n<td height=\"18\">Osborne<\/td>\n<td>Eileen Rose<\/td>\n<\/tr>\n<tr>\n<td height=\"18\">Osborne<\/td>\n<td>Henry George<\/td>\n<\/tr>\n<tr>\n<td height=\"18\">Osborne<\/td>\n<td>Maureen Rose<\/td>\n<\/tr>\n<tr>\n<td height=\"18\">Osborne<\/td>\n<td>Vernon Francis<\/td>\n<\/tr>\n<tr>\n<td height=\"18\">Otter<\/td>\n<td>Matthew<\/td>\n<\/tr>\n<tr>\n<td height=\"18\">Paddock<\/td>\n<td>David Thomas<\/td>\n<\/tr>\n<tr>\n<td height=\"18\">Paddock<\/td>\n<td>Doreen Louise<\/td>\n<\/tr>\n<tr>\n<td height=\"18\">Paddock<\/td>\n<td>Jeanette Marie<\/td>\n<\/tr>\n<tr>\n<td height=\"18\">Paddock<\/td>\n<td>Louise<\/td>\n<\/tr>\n<tr>\n<td height=\"18\">Paddock<\/td>\n<td>Margaret Mary<\/td>\n<\/tr>\n<tr>\n<td height=\"18\">Paddock<\/td>\n<td>Michael George<\/td>\n<\/tr>\n<tr>\n<td height=\"18\">Paddock<\/td>\n<td>Simone Hilda<\/td>\n<\/tr>\n<tr>\n<td height=\"18\">Paddock<\/td>\n<td>Thomas<\/td>\n<\/tr>\n<tr>\n<td height=\"18\">Page<\/td>\n<td>Emily Jean<\/td>\n<\/tr>\n<tr>\n<td height=\"18\">Parry<\/td>\n<td>Albert William<\/td>\n<\/tr>\n<tr>\n<td height=\"18\">Parry<\/td>\n<td>Hazel Gladys<\/td>\n<\/tr>\n<tr>\n<td height=\"18\">Parry<\/td>\n<td>Mabel Mary<\/td>\n<\/tr>\n<tr>\n<td height=\"18\">Patrickson<\/td>\n<td>Christopher<\/td>\n<\/tr>\n<tr>\n<td height=\"18\">Patrickson<\/td>\n<td>Inman<\/td>\n<\/tr>\n<tr>\n<td height=\"18\">Patrickson<\/td>\n<td>James Inman<\/td>\n<\/tr>\n<tr>\n<td height=\"18\">Patrickson<\/td>\n<td>Jean<\/td>\n<\/tr>\n<tr>\n<td height=\"18\">Patrickson<\/td>\n<td>Mary<\/td>\n<\/tr>\n<tr>\n<td height=\"18\">Peacock<\/td>\n<td>Blanche May<\/td>\n<\/tr>\n<tr>\n<td height=\"18\">Peacock<\/td>\n<td>David Wiliam<\/td>\n<\/tr>\n<tr>\n<td height=\"18\">Peacock<\/td>\n<td>Jean Elizabeth<\/td>\n<\/tr>\n<tr>\n<td height=\"18\">Peacock<\/td>\n<td>Mary Anita<\/td>\n<\/tr>\n<tr>\n<td height=\"18\">Peacock<\/td>\n<td>William<\/td>\n<\/tr>\n<tr>\n<td height=\"18\">Pellett<\/td>\n<td>Rosetta Lydia<\/td>\n<\/tr>\n<tr>\n<td height=\"18\">Pellett<\/td>\n<td>William Albert<\/td>\n<\/tr>\n<tr>\n<td height=\"18\">Phillipps<\/td>\n<td>Cissie<\/td>\n<\/tr>\n<tr>\n<td height=\"18\">Phillips<\/td>\n<td>Denis Henry<\/td>\n<\/tr>\n<tr>\n<td height=\"18\">Phillips<\/td>\n<td>Henry Edwards<\/td>\n<\/tr>\n<tr>\n<td height=\"18\">Plain<\/td>\n<td>Albert Edward<\/td>\n<\/tr>\n<tr>\n<td height=\"18\">Plain<\/td>\n<td>Florence\u252c\u00e1 Louise<\/td>\n<\/tr>\n<tr>\n<td height=\"18\">Plain<\/td>\n<td>Malcom Donald<\/td>\n<\/tr>\n<tr>\n<td height=\"18\">Plain<\/td>\n<td>Rodger Edward<\/td>\n<\/tr>\n<tr>\n<td height=\"18\">Plain<\/td>\n<td>Valentine Albert<\/td>\n<\/tr>\n<tr>\n<td height=\"18\">Porter<\/td>\n<td>Doreen Mabel<\/td>\n<\/tr>\n<tr>\n<td height=\"18\">Porter<\/td>\n<td>John Edward<\/td>\n<\/tr>\n<tr>\n<td height=\"18\">Porter<\/td>\n<td>Mabel<\/td>\n<\/tr>\n<tr>\n<td height=\"18\">Porter<\/td>\n<td>Maisie Alice<\/td>\n<\/tr>\n<tr>\n<td height=\"18\">Porter<\/td>\n<td>Rex Edward<\/td>\n<\/tr>\n<tr>\n<td height=\"18\">Priestley<\/td>\n<td>Brian Terence<\/td>\n<\/tr>\n<tr>\n<td height=\"18\">Priestley<\/td>\n<td>Constance<\/td>\n<\/tr>\n<tr>\n<td height=\"18\">Priestley<\/td>\n<td>Frank<\/td>\n<\/tr>\n<tr>\n<td height=\"18\">Priestley<\/td>\n<td>Lois Ivonne<\/td>\n<\/tr>\n<tr>\n<td height=\"18\">Priestley<\/td>\n<td>Ramon Frank<\/td>\n<\/tr>\n<tr>\n<td height=\"18\">Purkis<\/td>\n<td>David John<\/td>\n<\/tr>\n<tr>\n<td height=\"18\">Purkis<\/td>\n<td>Leslie Guy<\/td>\n<\/tr>\n<tr>\n<td height=\"18\">Purkis<\/td>\n<td>Marjory Sophie<\/td>\n<\/tr>\n<tr>\n<td height=\"18\">Purkis<\/td>\n<td>Rosemary Joan<\/td>\n<\/tr>\n<tr>\n<td height=\"18\">Purkis<\/td>\n<td>Susan Alicia<\/td>\n<\/tr>\n<tr>\n<td height=\"18\">Purton<\/td>\n<td>Catherine<\/td>\n<\/tr>\n<tr>\n<td height=\"18\">Purton<\/td>\n<td>Hazel Ernestine<\/td>\n<\/tr>\n<tr>\n<td height=\"18\">Purton<\/td>\n<td>Jennifer Winton<\/td>\n<\/tr>\n<tr>\n<td height=\"18\">Purton<\/td>\n<td>Naomi<\/td>\n<\/tr>\n<\/tbody>\n<\/table>\n<p>&nbsp;<\/p>\n","protected":false},"excerpt":{"rendered":"<p>INTERNEE LIST M &#8211; P Macdonald Margaret Mary Macdonald Norman Macdonald Norman McQueen Macpherson Hilda Macpherson William Magnus Dudley Heywood Magnus Jessie Maine Charles Thomas Maine June Maine Peggy Sybille Maine Sybil Holly Maine Thomas Charles Marett Arthur Samuel Marett &hellip; <a href=\"https:\/\/www.sthelierbadwurzachpartnerschaft.com\/index.php\/internees\/internee-lists\/m-p\/\">Continue reading <span class=\"meta-nav\">&rarr;<\/span><\/a><\/p>\n","protected":false},"author":10001,"featured_media":0,"parent":310,"menu_order":4,"comment_status":"closed","ping_status":"closed","template":"","meta":{"_mc_calendar":[],"footnotes":""},"class_list":["post-323","page","type-page","status-publish","hentry"],"_links":{"self":[{"href":"https:\/\/www.sthelierbadwurzachpartnerschaft.com\/index.php\/wp-json\/wp\/v2\/pages\/323","targetHints":{"allow":["GET"]}}],"collection":[{"href":"https:\/\/www.sthelierbadwurzachpartnerschaft.com\/index.php\/wp-json\/wp\/v2\/pages"}],"about":[{"href":"https:\/\/www.sthelierbadwurzachpartnerschaft.com\/index.php\/wp-json\/wp\/v2\/types\/page"}],"author":[{"embeddable":true,"href":"https:\/\/www.sthelierbadwurzachpartnerschaft.com\/index.php\/wp-json\/wp\/v2\/users\/10001"}],"replies":[{"embeddable":true,"href":"https:\/\/www.sthelierbadwurzachpartnerschaft.com\/index.php\/wp-json\/wp\/v2\/comments?post=323"}],"version-history":[{"count":12,"href":"https:\/\/www.sthelierbadwurzachpartnerschaft.com\/index.php\/wp-json\/wp\/v2\/pages\/323\/revisions"}],"predecessor-version":[{"id":1356,"href":"https:\/\/www.sthelierbadwurzachpartnerschaft.com\/index.php\/wp-json\/wp\/v2\/pages\/323\/revisions\/1356"}],"up":[{"embeddable":true,"href":"https:\/\/www.sthelierbadwurzachpartnerschaft.com\/index.php\/wp-json\/wp\/v2\/pages\/310"}],"wp:attachment":[{"href":"https:\/\/www.sthelierbadwurzachpartnerschaft.com\/index.php\/wp-json\/wp\/v2\/media?parent=323"}],"curies":[{"name":"wp","href":"https:\/\/api.w.org\/{rel}","templated":true}]}}