

{"id":2739,"date":"2018-08-31T12:40:37","date_gmt":"2018-08-31T11:40:37","guid":{"rendered":"http:\/\/www.sthelierbadwurzachpartnerschaft.com\/?page_id=2739"},"modified":"2018-08-31T13:10:50","modified_gmt":"2018-08-31T12:10:50","slug":"development-of-the-partnership","status":"publish","type":"page","link":"https:\/\/www.sthelierbadwurzachpartnerschaft.com\/index.php\/hello-page\/bad-wurzach\/development-of-the-partnership\/","title":{"rendered":"Development of the partnership"},"content":{"rendered":"<p><a href=\"http:\/\/www.sthelierbadwurzachpartnerschaft.com\/wp-content\/uploads\/2018\/08\/Sitesetup-1.gif\"><img loading=\"lazy\" decoding=\"async\" class=\"aligncenter size-full wp-image-1825\" src=\"http:\/\/www.sthelierbadwurzachpartnerschaft.com\/wp-content\/uploads\/2018\/08\/Sitesetup-1.gif\" alt=\"\" width=\"103\" height=\"68\" \/><\/a><\/p>\n<p style=\"text-align: center;\"><span style=\"color: #800000;\"><strong>Entwicklung der Partnerschaft<\/strong><\/span><\/p>\n<p style=\"text-align: center;\">Extract from\u00a0<a href=\"https:\/\/www.bad-wurzach.de\/stadtinfo\/bad-wurzach\/staedtepartnerschaften\/st-helier.html\">STADT BAD WURZACH<\/a><\/p>\n<p style=\"text-align: right;\"><span style=\"color: #800000;\"><em>English translation below.<\/em><\/span><\/p>\n<p>Jersey &#8211; wie alles begann &#8230; Die Kanalinseln waren von Juni 1940 bis Mai 1945 von der deutschen Wehrmacht besetzt und wurden zum Nordwall gegen England ausgebaut. Zahlreiche Bunkeranlagen und ein riesiges Untergrundhospital zeugen noch heute von dieser unr\u00fchmlichen Vergangenheit. Kampfhandlungen fanden kaum statt. Im September 1941 wurden im damaligen Persien etwa 500 dort besch\u00e4ftigte Deutsche von den Allierten gefasst und sp\u00e4ter interniert. Daraufhin befahl Adolf Hitler am 20.Oktober 1941 die sofortige Deportation von 5000 Prominenten der Kanalinseln. Weder das deutsche Au\u00dfenministerium, noch das deutsche Heer waren dar\u00fcber gl\u00fccklich und versuchten die Sache in der Schwebe zu halten. Durch Nachfragen des Schweizer DRK \u00fcber Gefangenenaustausche, bekam Hitler Wind von der \u201eUnt\u00e4tigkeit\u201c seiner Beh\u00f6rden und veranlasste den Vollzug. Am 15.September 1942 wurde die Anordnung zur Deportation von Feldkommandant Knackfu\u00df ausgegeben. Betroffen waren alle Familien mit Eltern, die in England geboren wurden.<\/p>\n<p>Am 16.September 1942 verlie\u00df das erste Schiff die Insel. Bis zum 29.September wurden etwa 2190 Inselbewohner nach Deutschland transportiert. Am 31. Oktober 1942 erreichten die ersten Internierten aus Jersey Wurzach, insgesamt wurden es dann 618. Familien und Einzelpersonen aus Guernsey kamen nach Biberach oder Laufen\/Bayern (bei Salzburg), sowie Kreuzberg (bei Breslau).<br \/>\nAm 28.April 1945 wurden die hier im Schloss Internierten Jerseyaner von franz\u00f6sischen Truppen (meist Morokkaner) befreit und Wurzach besetzt!<\/p>\n<p>Gro\u00dfen Anteil an den Kontakten zu Jersey hat zweifellos Karl Fimpel, der immer Gespr\u00e4che suchte zu Leuten mit ausl\u00e4ndischen Autokennzeichen, die neben seinem Haus, im \u201eR\u00f6ssle\u201c, abstiegen. Unter seiner Mithilfe und mit Unterst\u00fctzung des damaligen B\u00fcrgermeisters Hirth kam dann eine Delegation ehemaliger Internierter der Kanalinsel Jersey unter Leitung von Michael Gabb 1970 anl\u00e4sslich der 25. Wiederkehr ihrer Befreiung nach Bad Wurzach.<\/p>\n<p>1972 lie\u00df B\u00fcrgermeister Hirth in der Schule anfragen, ob jemand sich bereit f\u00e4nde, in den Sommerferien eine Sch\u00fclergruppe nach Jersey zu begleiten. Hermann Bilgeri meldete sich und seit diesem Zeitpunkt ist er mit Jersey fast ununterbrochen verbunden.<\/p>\n<p>1973 kam eine offizielle Delegation aus Jersey zur 700 \u2013 Jahrfeier der Stadt Bad Wurzach.<\/p>\n<p>Die Hoffnungen auf eine St\u00e4dtepartnerschaft zerschlugen sich aber bald. Von 1972 bis 1981 folgten zehn Sch\u00fcleraustausche in den Sommerferien (2\u00bd Wochen in Jersey und 2\u00bd Wochen in Bad Wurzach). Organisiert wurde der Austausch auf Jerseyseite von der Ex-Internees-Association, unter ihrem Pr\u00e4sidenten Bob Samson und ihrer Sekret\u00e4rin Doreen Hitchcock. 1981 endete der Austausch mit Jersey, 1984 organisierte H. Bilgeri nochmals einen kleineren Austausch nach Jersey mit Jugendlichen und seiner Familie.<\/p>\n<p>Seit der \u201eaustauschfreien Zeit\u201c erhielt seine Familie fast j\u00e4hrlich einen Feriengast aus Jersey (ca. 15 Mal).<\/p>\n<p>Vom 2. bis 12. Juli 1993 kam eine offizielle Delegation mit ehemaligen Internierten aus Jersey unter Leitung von Constable Robert Le Brocq nach Bad Wurzach. Ein Jahr zuvor, anl\u00e4sslich des 50. Jahrestages ihrer Deportierung nach Deutschland, wurde der damalige B\u00fcrgermeister Morczinietz zu einer Ausstellung zu diesem Thema eingeladen. Die Internierten brachten Exponate f\u00fcr eine Ausstellung in Bad Wurzach mit.<\/p>\n<p>Alle weiteren Bem\u00fchungen zur Gr\u00fcndung einer St\u00e4dtepartnerschaft durch B\u00fcrgermeister Morczinietz scheitern.<\/p>\n<p>Im Juli 2002 konnte dann die \u00fcberraschende Partnerschaft mit St. Helier abgeschlossen werden. Es folgte der Neuaufbau des Komitees Jersey unter Vorsitz von Hermann Bilgeri mit vielen neuen Mitgliedern.<\/p>\n<hr \/>\n<p><a href=\"http:\/\/www.sthelierbadwurzachpartnerschaft.com\/wp-content\/uploads\/2018\/08\/Sitesetup-4.gif\"><img loading=\"lazy\" decoding=\"async\" class=\"aligncenter size-full wp-image-1833\" src=\"http:\/\/www.sthelierbadwurzachpartnerschaft.com\/wp-content\/uploads\/2018\/08\/Sitesetup-4.gif\" alt=\"\" width=\"103\" height=\"68\" \/><\/a><\/p>\n<p>Jersey &#8211; how it all began &#8230; The Channel Islands were occupied from June 1940 to May 1945 by the German Wehrmacht and were expanded to the North Wall against England. numerous bunkers and a huge underground hospital still bear testimony to this inglorious past. Combat actions hardly took place. In September 1941\u00a0<span lang=\"en\">about 500 Germans employed there were captured by the Allies in Persia and later interned. As a result, Adolf Hitler ordered on 20 October 1941 the immediate deportation of 5,000 celebrities from the Channel Islands. Neither the German Foreign Ministry nor the German army were happy about this and tried to keep the matter afloat. By asking the Swiss DRC about prisoner exchanges, Hitler got wind of the &#8220;inactivity&#8221; of his authorities and prompted the execution. <\/span><\/p>\n<p><span style=\"color: #800000;\">On the 15th of September 1942,<\/span> the order was issued for the deportation of Field Commander Knackfu\u00df. Affected were all families with parents who were born in England.<\/p>\n<p><span style=\"color: #800000;\">On September 16, 1942,<\/span> the first ship left the island. By September 29, about 2190 islanders were transported to Germany. On 31 October 1942, the first interns from Jersey reached Wurzach, in total there were then 618. Families and individuals from Guernsey came to Biberach or Laufen \/ Bavaria (near Salzburg), and Kreuzberg (near Breslau).<\/p>\n<p><span style=\"color: #800000;\">On April 28, 1945<\/span>, the interned in the castle Jersey were freed by French troops (mostly Moroccan) and occupied Wurzach!<\/p>\n<p><span style=\"color: #800000;\">In 1972<\/span>, Mayor Hirth asked the school if anyone would agree to accompany a group of students to Jersey during the summer holidays. Hermann Bilgeri came in and since then he has been associated with Jersey almost continuously.<\/p>\n<p><span style=\"color: #800000;\">In 1973,<\/span> an official delegation from Jersey came to the 700th anniversary of the city of Bad Wurzach.<\/p>\n<p>The hopes for a city partnership but soon smashed. From 1972 to 1981, there were ten student exchanges during the summer holidays (2\u00bd weeks in Jersey and 2\u00bd weeks in Bad Wurzach). The exchange was organized on the Jersey side by the ex-Internees Association, under its president Bob Samson and his secretary Doreen Hitchcock. In 1981, the exchange with Jersey ended, in 1984 H. Bilgeri again organized a smaller exchange to Jersey with young people and his family.\u00a0Since the &#8220;exchange-free period&#8221;, his family has received a holiday guest from Jersey almost every year (about 15 times).<\/p>\n<p><span style=\"color: #800000;\">From July 2 to 12, 1993<\/span>, an official delegation with former jailed internees headed by Constable Robert Le Brocq came to Bad Wurzach. A year earlier, on the occasion of the 50th anniversary of her deportation to Germany, the then mayor Morczinietz was invited to an exhibition on this topic. The internees brought exhibits for an exhibition in Bad Wurzach.<\/p>\n<p>All further efforts to establish a town twinning by mayor Morczinietz fail.<\/p>\n<hr \/>\n<p style=\"text-align: right;\"><em>Additional Text<\/em><\/p>\n<p><em><span style=\"color: #800000;\">In July 2002<\/span>, Procureur Sid Proudley proposed the idea at a Parish Assembly and it was seconded by the late Michael Gabb, a former internee; however after some opposition from the floor the matter was withdrawn. Nearly twenty years later in the Pomme d&#8217;Or Hotel the present Constable of St Helier met the then Mayor of Bad Wurzach who had been invited to the Liberation Day service by the Bailiff, and the twinning became a reality, seconded, once more, by Mr Gabb, in 2002.This was followed by the rebuilding of the Jersey Committee chaired by Hermann Bilgeri with many new members.<\/em><\/p>\n<p>&nbsp;<\/p>\n<p>&nbsp;<\/p>\n","protected":false},"excerpt":{"rendered":"<p>Entwicklung der Partnerschaft Extract from\u00a0STADT BAD WURZACH English translation below. Jersey &#8211; wie alles begann &#8230; Die Kanalinseln waren von Juni 1940 bis Mai 1945 von der deutschen Wehrmacht besetzt und wurden zum Nordwall gegen England ausgebaut. Zahlreiche Bunkeranlagen und &hellip; <a href=\"https:\/\/www.sthelierbadwurzachpartnerschaft.com\/index.php\/hello-page\/bad-wurzach\/development-of-the-partnership\/\">Continue reading <span class=\"meta-nav\">&rarr;<\/span><\/a><\/p>\n","protected":false},"author":10001,"featured_media":0,"parent":2723,"menu_order":2,"comment_status":"closed","ping_status":"closed","template":"","meta":{"_mc_calendar":[],"footnotes":""},"class_list":["post-2739","page","type-page","status-publish","hentry"],"_links":{"self":[{"href":"https:\/\/www.sthelierbadwurzachpartnerschaft.com\/index.php\/wp-json\/wp\/v2\/pages\/2739","targetHints":{"allow":["GET"]}}],"collection":[{"href":"https:\/\/www.sthelierbadwurzachpartnerschaft.com\/index.php\/wp-json\/wp\/v2\/pages"}],"about":[{"href":"https:\/\/www.sthelierbadwurzachpartnerschaft.com\/index.php\/wp-json\/wp\/v2\/types\/page"}],"author":[{"embeddable":true,"href":"https:\/\/www.sthelierbadwurzachpartnerschaft.com\/index.php\/wp-json\/wp\/v2\/users\/10001"}],"replies":[{"embeddable":true,"href":"https:\/\/www.sthelierbadwurzachpartnerschaft.com\/index.php\/wp-json\/wp\/v2\/comments?post=2739"}],"version-history":[{"count":9,"href":"https:\/\/www.sthelierbadwurzachpartnerschaft.com\/index.php\/wp-json\/wp\/v2\/pages\/2739\/revisions"}],"predecessor-version":[{"id":2749,"href":"https:\/\/www.sthelierbadwurzachpartnerschaft.com\/index.php\/wp-json\/wp\/v2\/pages\/2739\/revisions\/2749"}],"up":[{"embeddable":true,"href":"https:\/\/www.sthelierbadwurzachpartnerschaft.com\/index.php\/wp-json\/wp\/v2\/pages\/2723"}],"wp:attachment":[{"href":"https:\/\/www.sthelierbadwurzachpartnerschaft.com\/index.php\/wp-json\/wp\/v2\/media?parent=2739"}],"curies":[{"name":"wp","href":"https:\/\/api.w.org\/{rel}","templated":true}]}}