

{"id":2666,"date":"2018-08-27T13:12:20","date_gmt":"2018-08-27T12:12:20","guid":{"rendered":"http:\/\/www.sthelierbadwurzachpartnerschaft.com\/?page_id=2666"},"modified":"2018-08-31T11:18:45","modified_gmt":"2018-08-31T10:18:45","slug":"bailiffs-reception-for-the-retiring-mayor-burkle","status":"publish","type":"page","link":"https:\/\/www.sthelierbadwurzachpartnerschaft.com\/index.php\/events\/2018-2\/bailiffs-reception-for-the-retiring-mayor-burkle\/","title":{"rendered":"Bailiff&#8217;s reception for the retiring Mayor B\u00fcrkle"},"content":{"rendered":"<p style=\"text-align: center;\"><span style=\"color: #800000;\"><strong>Bailiff&#8217;s reception for the retiring Mayor B\u00fcrkle<\/strong><\/span><\/p>\n<p><a href=\"http:\/\/www.sthelierbadwurzachpartnerschaft.com\/wp-content\/uploads\/2018\/08\/brukle.jpg\"><img loading=\"lazy\" decoding=\"async\" class=\"aligncenter size-full wp-image-2665\" src=\"http:\/\/www.sthelierbadwurzachpartnerschaft.com\/wp-content\/uploads\/2018\/08\/brukle.jpg\" alt=\"\" width=\"600\" height=\"400\" srcset=\"https:\/\/www.sthelierbadwurzachpartnerschaft.com\/wp-content\/uploads\/2018\/08\/brukle.jpg 600w, https:\/\/www.sthelierbadwurzachpartnerschaft.com\/wp-content\/uploads\/2018\/08\/brukle-300x200.jpg 300w, https:\/\/www.sthelierbadwurzachpartnerschaft.com\/wp-content\/uploads\/2018\/08\/brukle-450x300.jpg 450w\" sizes=\"auto, (max-width: 600px) 100vw, 600px\" \/><\/a><\/p>\n<p>In May we attended a Bailiff&#8217;s reception for the retiring Mayor B\u00fcrkle, at the old Library, following an excellent meal the Bailiff awarded Mayor B\u00fcrkle a rare Bailiff&#8217;s Silver Seal.<\/p>\n<p>The Partnershaft made their own presentation to the Mayor we thank Colin Letto for providing such a great gift to add to Roland\u2019s collection.<\/p>\n","protected":false},"excerpt":{"rendered":"<p>Bailiff&#8217;s reception for the retiring Mayor B\u00fcrkle In May we attended a Bailiff&#8217;s reception for the retiring Mayor B\u00fcrkle, at the old Library, following an excellent meal the Bailiff awarded Mayor B\u00fcrkle a rare Bailiff&#8217;s Silver Seal. The Partnershaft made &hellip; <a href=\"https:\/\/www.sthelierbadwurzachpartnerschaft.com\/index.php\/events\/2018-2\/bailiffs-reception-for-the-retiring-mayor-burkle\/\">Continue reading <span class=\"meta-nav\">&rarr;<\/span><\/a><\/p>\n","protected":false},"author":10001,"featured_media":0,"parent":2559,"menu_order":3,"comment_status":"closed","ping_status":"closed","template":"","meta":{"_mc_calendar":[],"footnotes":""},"class_list":["post-2666","page","type-page","status-publish","hentry"],"_links":{"self":[{"href":"https:\/\/www.sthelierbadwurzachpartnerschaft.com\/index.php\/wp-json\/wp\/v2\/pages\/2666","targetHints":{"allow":["GET"]}}],"collection":[{"href":"https:\/\/www.sthelierbadwurzachpartnerschaft.com\/index.php\/wp-json\/wp\/v2\/pages"}],"about":[{"href":"https:\/\/www.sthelierbadwurzachpartnerschaft.com\/index.php\/wp-json\/wp\/v2\/types\/page"}],"author":[{"embeddable":true,"href":"https:\/\/www.sthelierbadwurzachpartnerschaft.com\/index.php\/wp-json\/wp\/v2\/users\/10001"}],"replies":[{"embeddable":true,"href":"https:\/\/www.sthelierbadwurzachpartnerschaft.com\/index.php\/wp-json\/wp\/v2\/comments?post=2666"}],"version-history":[{"count":3,"href":"https:\/\/www.sthelierbadwurzachpartnerschaft.com\/index.php\/wp-json\/wp\/v2\/pages\/2666\/revisions"}],"predecessor-version":[{"id":2707,"href":"https:\/\/www.sthelierbadwurzachpartnerschaft.com\/index.php\/wp-json\/wp\/v2\/pages\/2666\/revisions\/2707"}],"up":[{"embeddable":true,"href":"https:\/\/www.sthelierbadwurzachpartnerschaft.com\/index.php\/wp-json\/wp\/v2\/pages\/2559"}],"wp:attachment":[{"href":"https:\/\/www.sthelierbadwurzachpartnerschaft.com\/index.php\/wp-json\/wp\/v2\/media?parent=2666"}],"curies":[{"name":"wp","href":"https:\/\/api.w.org\/{rel}","templated":true}]}}